{"id":14,"date":"2023-09-05T11:35:07","date_gmt":"2023-09-05T09:35:07","guid":{"rendered":"https:\/\/jeudencre.semaphorik.fr\/?page_id=14"},"modified":"2024-10-18T15:34:47","modified_gmt":"2024-10-18T13:34:47","slug":"expositions","status":"publish","type":"page","link":"https:\/\/www.jeudencre.fr\/gravures\/expositions\/","title":{"rendered":"Expositions"},"content":{"rendered":"\n<p><strong>Depuis avril 2023 : <\/strong>Galerie <strong>The Artistic Red Dot<\/strong> &#8211; Parc\u00e9-sur-Sarthe, 72<\/p>\n\n\n\n<p><strong>Octobre 2024 :<\/strong> <strong>Exposition de Gravure Internationale<\/strong> &#8211; Espace Maison Blanche &#8211; Ch\u00e2tillon, 92<\/p>\n\n\n\n<p>                             <strong>Salon 49 Regards<\/strong> &#8211; Exposition d&rsquo;Art Actuel &#8211; Ecuries de Tr\u00e9laz\u00e9, 49<\/p>\n\n\n\n<p><strong>Juin 2024 :<\/strong> <strong>Journ\u00e9es de l&rsquo;Estampe<\/strong> &#8211; Place saint-Sulpice; Paris<\/p>\n\n\n\n<p><strong>Mai 2012 \u00e0 2024 :<\/strong> <strong>Pointe &amp; burin<\/strong>, collectif de graveurs \u00e0 la Fondation Taylor, Paris<\/p>\n\n\n\n<p><strong>Mai 2024 :<\/strong> Galerie S\u00e9nac de Meilhan &#8211; <strong>\u201cF\u00eate de l&rsquo;Estampe\u201d<\/strong> collectif de graveurs &#8211; La Flotte en R\u00e9, 17<\/p>\n\n\n\n<p><strong>Janvier 2024 :<\/strong> <strong>Salon d&rsquo;Automne<\/strong> \/ section gravure &#8211; Grande halle de la Villette, Paris<\/p>\n\n\n\n<p><strong>Mars-avril :<\/strong> <strong>\u201cd&rsquo;ici de l\u00e0&#8230;\u201d<\/strong> Collectif \u00e0 l&rsquo;Espace d&rsquo;Art Chailloux, Fresnes, 94<\/p>\n\n\n\n<p><strong>D\u00e9cembre 2021 :<\/strong> <strong>V\u0153ux de la Seine<\/strong> \/ 39e \u00e9dition &#8211; Galerie Art Montparnass, Paris<\/p>\n\n\n\n<p><strong>Novembre 2021 : <\/strong>Passerelle de l\u2019Art &#8211; 52 graveurs \/ Ombre et Lumi\u00e8re &#8211; Bastille Design Center, Paris<\/p>\n\n\n\n<p><strong>Mai-juin 2021 :<\/strong> <strong>3<sup>\u00e8me<\/sup> Biennale internationale gravures &amp; Estampes<\/strong>, Aiguillon (47)<\/p>\n\n\n\n<p><strong>F\u00e9vrier 2021 :<\/strong> <strong>Biennale d\u2019Art Contemporain de Cachan,<\/strong> 94<\/p>\n\n\n\n<p><strong>F\u00e9vrier-mars 2021 :<\/strong> Pr\u00e9sentation de l&rsquo;ensemble de mes gravures \/ <strong>Exposition \u00e0 la Fondation Taylor<\/strong>, Paris<\/p>\n\n\n\n<p><strong>F\u00e9vrier 2020\u00a0:<\/strong> Exposition personnelle \/ <strong>\u201cClairs-obscurs\u201d <\/strong>&#8211; Espace 181, Palaiseau (91)<\/p>\n\n\n\n<p><strong>Juillet 2019 : <\/strong>Exposition <strong>\u201c<em>22 graveurs<\/em>\u201d<\/strong> \/ Ombre et Lumi\u00e8re \u00e0 L\u2019Orangerie du S\u00e9nat, Paris &#8211; Prix de Gravure attribu\u00e9 par Moret Imprimeur d\u2019art<\/p>\n\n\n\n<p><strong>Avril 2019 :<\/strong> Exposition <strong>\u201c<em>Histoires d\u2019oiseaux<\/em>\u201d<\/strong> \/ Estampes, au Carr\u00e9 des Coignard, Nogent s\/Marne (94)<\/p>\n\n\n\n<p><strong>Sept\/Oct 2016 :<\/strong> Artcit\u00e9, Fontenay-sous-Bois (94)<\/p>\n\n\n\n<p><strong>Juin 2016 : <\/strong>Pointe &amp; Burin, Fondation Taylor, Paris<\/p>\n\n\n\n<p><strong>Juin 2016 : <\/strong>Journ\u00e9e de l\u2019estampe, place Saint-Sulpice \u00e0 Paris<\/p>\n\n\n\n<p><strong>Avril 2016 :<\/strong> \u201cImpressions, l\u2019Estampe \u00e0 Barbizon\u201d (77)<\/p>\n\n\n\n<p><strong>D\u00e9cembre 2015 : <\/strong>Exposition \u00e0 personnelle \u00e0 l\u2019Atelier-Mus\u00e9e ETR Balistic \u00e0 Arcueil (94)<\/p>\n\n\n\n<p><strong>Octobre 2015 :<\/strong> \u00ab&nbsp;49 Regards&nbsp;\u00bb, Salon d\u2019Art contemporain \u2013 Tr\u00e9laz\u00e9 (49)<\/p>\n\n\n\n<p><strong>Depuis janvier 2013 :<\/strong> Galerie L\u2019\u0153il Ouvert \u00e0 Paris<\/p>\n\n\n\n<p><strong>Juin 2015 :<\/strong> Pointe &amp; burin, collectif de graveurs \u00e0 la Fondation Taylor<\/p>\n\n\n\n<p><strong>Mars \u00e0 mai 2015 : <\/strong>Triennale de Gravure de Lisle-Sur-Tarn : Mus\u00e9e Raymond Lafage&nbsp;(81)<\/p>\n\n\n\n<p><strong>Novembre 2014 : <\/strong>L\u2019Ancre Maritaise, Ecomus\u00e9e : exposition personnelle \u2013 Sainte-Marie-de R\u00e9 (17)<\/p>\n\n\n\n<p><strong>Juin 2014 : <\/strong>Biennale d\u2019art contemporain de cachan (94)<br>                     Rencontres d\u2019estampe contemporaine en Val de Loing \u2013Cimaises 77<br>                    Journ\u00e9e de l\u2019Estampe contemporaine, place st-Sulpice \u00e0 Paris<\/p>\n\n\n\n<p><strong>Mars \u2013avril 2014 : <\/strong>exposition de groupe \u00ab\u00a0B\u00eate off\u00a0\u00bb Espace Art et libert\u00e9 Charenton-le-Pont, 94<\/p>\n\n\n\n<p><strong>Janvier 2014 : <\/strong>exposition personnelle aux Parasols de Rungis (94)<\/p>\n\n\n\n<p><strong>Oct- d\u00e9c. 2013 : <\/strong>Biennale de l\u2019Estampe de Saint-Maur (94)<\/p>\n\n\n\n<p><strong>Novembre 2013 : <\/strong>exposition personnelle \u00e0 l\u2019Ancre Maritaise \u2013 \u00e9comus\u00e9e de Sainte-Marie-de R\u00e9 (17)<\/p>\n\n\n\n<p><strong>Juillet\/ao\u00fbt 2013 : <\/strong>GalleriLi, Sk\u00e4rkind, Su\u00e8de<\/p>\n\n\n\n<p><strong>Janv &#8211; f\u00e9v 2013 :<\/strong> Invit\u00e9e d\u2019honneur \u00e0 Art &amp; Mati\u00e8re, Gironville sur Essonne<\/p>\n\n\n\n<p>A<strong>vril 2011 :<\/strong> <em>Exposition personnelle \u00e0 la Maison Caillaud \u00e0 Ars en R\u00e9 (17)<\/em><\/p>\n\n\n\n<p><strong>F\u00e9vrier 2011 :<\/strong> <em>Laur\u00e9ate du Prix de gravure L. et M. Navier de la Fondation Taylor<\/em><\/p>\n\n\n\n<p><\/p>\n","protected":false},"excerpt":{"rendered":"<p>Depuis avril 2023 : Galerie The Artistic Red Dot &#8211; Parc\u00e9-sur-Sarthe, 72 Octobre 2024 : Exposition de Gravure Internationale &#8211; Espace Maison Blanche &#8211; Ch\u00e2tillon, 92 Salon 49 Regards &#8211; Exposition d&rsquo;Art Actuel &#8211; Ecuries de Tr\u00e9laz\u00e9, 49 Juin 2024 : Journ\u00e9es de l&rsquo;Estampe &#8211; Place saint-Sulpice; Paris Mai 2012 \u00e0 2024 : Pointe &amp; &#8230; <a title=\"Expositions\" class=\"read-more\" href=\"https:\/\/www.jeudencre.fr\/gravures\/expositions\/\" aria-label=\"En savoir plus sur Expositions\">Lire la suite<\/a><\/p>\n","protected":false},"author":1,"featured_media":0,"parent":0,"menu_order":30,"comment_status":"closed","ping_status":"closed","template":"","meta":{"footnotes":""},"class_list":["post-14","page","type-page","status-publish"],"_links":{"self":[{"href":"https:\/\/www.jeudencre.fr\/gravures\/wp-json\/wp\/v2\/pages\/14","targetHints":{"allow":["GET"]}}],"collection":[{"href":"https:\/\/www.jeudencre.fr\/gravures\/wp-json\/wp\/v2\/pages"}],"about":[{"href":"https:\/\/www.jeudencre.fr\/gravures\/wp-json\/wp\/v2\/types\/page"}],"author":[{"embeddable":true,"href":"https:\/\/www.jeudencre.fr\/gravures\/wp-json\/wp\/v2\/users\/1"}],"replies":[{"embeddable":true,"href":"https:\/\/www.jeudencre.fr\/gravures\/wp-json\/wp\/v2\/comments?post=14"}],"version-history":[{"count":5,"href":"https:\/\/www.jeudencre.fr\/gravures\/wp-json\/wp\/v2\/pages\/14\/revisions"}],"predecessor-version":[{"id":393,"href":"https:\/\/www.jeudencre.fr\/gravures\/wp-json\/wp\/v2\/pages\/14\/revisions\/393"}],"wp:attachment":[{"href":"https:\/\/www.jeudencre.fr\/gravures\/wp-json\/wp\/v2\/media?parent=14"}],"curies":[{"name":"wp","href":"https:\/\/api.w.org\/{rel}","templated":true}]}}