{"id":51,"date":"2023-09-05T12:19:23","date_gmt":"2023-09-05T10:19:23","guid":{"rendered":"https:\/\/jeudencre.semaphorik.fr\/?page_id=51"},"modified":"2025-04-29T16:30:03","modified_gmt":"2025-04-29T14:30:03","slug":"ornithos","status":"publish","type":"page","link":"https:\/\/www.jeudencre.fr\/gravures\/gravures\/ornithos\/","title":{"rendered":"Les ornithos"},"content":{"rendered":"<div class=\"gb-grid-wrapper gb-grid-wrapper-77f6bdb3\">\n<div class=\"gb-grid-column gb-grid-column-c950bec1\"><div class=\"gb-container gb-container-c950bec1\">\n\n<figure class=\"gb-block-image gb-block-image-2057c982\"><img loading=\"lazy\" decoding=\"async\" width=\"900\" height=\"593\" class=\"gb-image gb-image-2057c982\" src=\"https:\/\/www.jeudencre.fr\/gravures\/wp-content\/uploads\/2024\/10\/isabelle-panaud-Huppe-fasciee.jpg\" alt=\"\" title=\"isabelle-panaud-Huppe-fascie\u0301e\" srcset=\"https:\/\/www.jeudencre.fr\/gravures\/wp-content\/uploads\/2024\/10\/isabelle-panaud-Huppe-fasciee.jpg 900w, https:\/\/www.jeudencre.fr\/gravures\/wp-content\/uploads\/2024\/10\/isabelle-panaud-Huppe-fasciee-300x198.jpg 300w, https:\/\/www.jeudencre.fr\/gravures\/wp-content\/uploads\/2024\/10\/isabelle-panaud-Huppe-fasciee-768x506.jpg 768w\" sizes=\"auto, (max-width: 900px) 100vw, 900px\" \/>\n<figcaption class=\"gb-headline gb-headline-6de79849 gb-headline-text\"><strong>Huppe fasci\u00e9e<\/strong> &#8211; Eau-forte, aquatinte<\/figcaption>\n\n\n\n<figcaption class=\"gb-headline gb-headline-ef1a2d3c gb-headline-text\">Matrice : 20 x 30 cm<\/figcaption>\n<\/figure>\n\n\n\n<figure class=\"gb-block-image gb-block-image-3659c5f1\"><img loading=\"lazy\" decoding=\"async\" width=\"880\" height=\"596\" class=\"gb-image gb-image-3659c5f1\" src=\"https:\/\/www.jeudencre.fr\/gravures\/wp-content\/uploads\/2024\/10\/isabelle-panaud-Le-pelican.jpg\" alt=\"\" title=\"isabelle-panaud-Le-pelican\" srcset=\"https:\/\/www.jeudencre.fr\/gravures\/wp-content\/uploads\/2024\/10\/isabelle-panaud-Le-pelican.jpg 880w, https:\/\/www.jeudencre.fr\/gravures\/wp-content\/uploads\/2024\/10\/isabelle-panaud-Le-pelican-300x203.jpg 300w, https:\/\/www.jeudencre.fr\/gravures\/wp-content\/uploads\/2024\/10\/isabelle-panaud-Le-pelican-768x520.jpg 768w\" sizes=\"auto, (max-width: 880px) 100vw, 880px\" \/>\n<figcaption class=\"gb-headline gb-headline-e90219a7 gb-headline-text\">Le P\u00e9lican &#8211; H\u00e9liogravure, pointe s\u00e8che, aquatinte<\/figcaption>\n\n\n\n<figcaption class=\"gb-headline gb-headline-a1f8feab gb-headline-text\">Matrice : 20 x 30 cm<\/figcaption>\n<\/figure>\n\n\n\n<figure class=\"gb-block-image gb-block-image-3b0da547\"><img loading=\"lazy\" decoding=\"async\" width=\"321\" height=\"482\" class=\"gb-image gb-image-3b0da547\" src=\"https:\/\/www.jeudencre.fr\/gravures\/wp-content\/uploads\/2024\/10\/isabelle-panaud-Colibris.jpg\" alt=\"\" title=\"isabelle-panaud-Colibris\" srcset=\"https:\/\/www.jeudencre.fr\/gravures\/wp-content\/uploads\/2024\/10\/isabelle-panaud-Colibris.jpg 321w, https:\/\/www.jeudencre.fr\/gravures\/wp-content\/uploads\/2024\/10\/isabelle-panaud-Colibris-200x300.jpg 200w\" sizes=\"auto, (max-width: 321px) 100vw, 321px\" \/>\n<figcaption class=\"gb-headline gb-headline-c8d50a08 gb-headline-text\"><strong>Colibris<\/strong> &#8211; Pointe s\u00e8che et roulette<\/figcaption>\n\n\n\n<figcaption class=\"gb-headline gb-headline-3c1cb2e4 gb-headline-text\"> Matrice : 15 x 10 cm<\/figcaption>\n\n\n\n<h2 class=\"gb-headline gb-headline-30eaec1f gb-headline-text\"><\/h2>\n<\/figure>\n\n\n\n<figure class=\"gb-block-image gb-block-image-ee2eab88\"><img loading=\"lazy\" decoding=\"async\" width=\"900\" height=\"601\" class=\"gb-image gb-image-ee2eab88\" src=\"https:\/\/www.jeudencre.fr\/gravures\/wp-content\/uploads\/2024\/10\/isabelle-panaud-Etourneau.jpg\" alt=\"\" title=\"isabelle-panaud-Etourneau\" srcset=\"https:\/\/www.jeudencre.fr\/gravures\/wp-content\/uploads\/2024\/10\/isabelle-panaud-Etourneau.jpg 900w, https:\/\/www.jeudencre.fr\/gravures\/wp-content\/uploads\/2024\/10\/isabelle-panaud-Etourneau-300x200.jpg 300w, https:\/\/www.jeudencre.fr\/gravures\/wp-content\/uploads\/2024\/10\/isabelle-panaud-Etourneau-768x513.jpg 768w\" sizes=\"auto, (max-width: 900px) 100vw, 900px\" \/>\n<figcaption class=\"gb-headline gb-headline-91083148 gb-headline-text\"><strong>L&rsquo;\u00e9tourneau<\/strong> &#8211; H\u00e9liogravure, aquatinte, pointe s\u00e8che  Matrice : 20 x 29,5 cm<\/figcaption>\n<\/figure>\n\n\n\n<figure class=\"gb-block-image gb-block-image-dea76878\"><img loading=\"lazy\" decoding=\"async\" width=\"713\" height=\"958\" class=\"gb-image gb-image-dea76878\" src=\"https:\/\/www.jeudencre.fr\/gravures\/wp-content\/uploads\/2024\/10\/isabelle-panaud-Aube.jpg\" alt=\"\" title=\"isabelle-panaud-Aube\" srcset=\"https:\/\/www.jeudencre.fr\/gravures\/wp-content\/uploads\/2024\/10\/isabelle-panaud-Aube.jpg 713w, https:\/\/www.jeudencre.fr\/gravures\/wp-content\/uploads\/2024\/10\/isabelle-panaud-Aube-223x300.jpg 223w\" sizes=\"auto, (max-width: 713px) 100vw, 713px\" \/>\n<figcaption class=\"gb-headline gb-headline-2fcebade gb-headline-text\"><strong>A l&rsquo;aube (milan)<\/strong> &#8211; Mani\u00e8re noire et aquatinte<\/figcaption>\n\n\n\n<figcaption class=\"gb-headline gb-headline-07771078 gb-headline-text\">Matrice : 40 x 30 cm<\/figcaption>\n<\/figure>\n\n\n\n<figure class=\"gb-block-image gb-block-image-74ba4e9f\"><img loading=\"lazy\" decoding=\"async\" width=\"800\" height=\"587\" class=\"gb-image gb-image-74ba4e9f\" src=\"https:\/\/www.jeudencre.fr\/gravures\/wp-content\/uploads\/2024\/10\/isabelle-panaud-Bergeronnettes.jpg\" alt=\"\" title=\"isabelle-panaud-Bergeronnettes\" srcset=\"https:\/\/www.jeudencre.fr\/gravures\/wp-content\/uploads\/2024\/10\/isabelle-panaud-Bergeronnettes.jpg 800w, https:\/\/www.jeudencre.fr\/gravures\/wp-content\/uploads\/2024\/10\/isabelle-panaud-Bergeronnettes-300x220.jpg 300w, https:\/\/www.jeudencre.fr\/gravures\/wp-content\/uploads\/2024\/10\/isabelle-panaud-Bergeronnettes-768x564.jpg 768w\" sizes=\"auto, (max-width: 800px) 100vw, 800px\" \/>\n<figcaption class=\"gb-headline gb-headline-6f8f46ed gb-headline-text\"><strong>Bergeronnettes<\/strong> &#8211; Eau-forte, pointe s\u00e8che <\/figcaption>\n\n\n\n<figcaption class=\"gb-headline gb-headline-8ec0ba0c gb-headline-text\">Matrice : 15 x 20 cm<\/figcaption>\n<\/figure>\n\n\n\n<figure class=\"gb-block-image gb-block-image-c1c032a5\"><img loading=\"lazy\" decoding=\"async\" width=\"1049\" height=\"765\" class=\"gb-image gb-image-c1c032a5\" src=\"https:\/\/www.jeudencre.fr\/gravures\/wp-content\/uploads\/2024\/10\/isabelle-panaud-Le-vol-de-laigrette.jpg\" alt=\"\" title=\"isabelle-panaud-Le vol de laigrette\" srcset=\"https:\/\/www.jeudencre.fr\/gravures\/wp-content\/uploads\/2024\/10\/isabelle-panaud-Le-vol-de-laigrette.jpg 1049w, https:\/\/www.jeudencre.fr\/gravures\/wp-content\/uploads\/2024\/10\/isabelle-panaud-Le-vol-de-laigrette-300x219.jpg 300w, https:\/\/www.jeudencre.fr\/gravures\/wp-content\/uploads\/2024\/10\/isabelle-panaud-Le-vol-de-laigrette-768x560.jpg 768w\" sizes=\"auto, (max-width: 1049px) 100vw, 1049px\" \/>\n<figcaption class=\"gb-headline gb-headline-53032988 gb-headline-text\"><strong>Le vol de l&rsquo;aigrette<\/strong> &#8211; H\u00e9liogravure &#8211; Matrice : 14 x 19,5 cm<\/figcaption>\n<\/figure>\n\n<\/div><\/div>\n\n<div class=\"gb-grid-column gb-grid-column-bf6d9455\"><div class=\"gb-container gb-container-bf6d9455\">\n\n<figure class=\"gb-block-image gb-block-image-c5173bd5\"><img loading=\"lazy\" decoding=\"async\" width=\"1107\" height=\"1500\" class=\"gb-image gb-image-c5173bd5\" src=\"https:\/\/www.jeudencre.fr\/gravures\/wp-content\/uploads\/2024\/10\/isabelle-panaud-Le-heron.jpg\" alt=\"\" title=\"isabelle-panaud-Le heron\" srcset=\"https:\/\/www.jeudencre.fr\/gravures\/wp-content\/uploads\/2024\/10\/isabelle-panaud-Le-heron.jpg 1107w, https:\/\/www.jeudencre.fr\/gravures\/wp-content\/uploads\/2024\/10\/isabelle-panaud-Le-heron-221x300.jpg 221w, https:\/\/www.jeudencre.fr\/gravures\/wp-content\/uploads\/2024\/10\/isabelle-panaud-Le-heron-738x1000.jpg 738w, https:\/\/www.jeudencre.fr\/gravures\/wp-content\/uploads\/2024\/10\/isabelle-panaud-Le-heron-768x1041.jpg 768w\" sizes=\"auto, (max-width: 1107px) 100vw, 1107px\" \/>\n<figcaption class=\"gb-headline gb-headline-170320f6 gb-headline-text\"><strong>Le H\u00e9ron<\/strong> &#8211; Aquatinte, pointe s\u00e8che <\/figcaption>\n\n\n\n<figcaption class=\"gb-headline gb-headline-90daac7b gb-headline-text\">Matrice : 39,6 x 29,3 cm<\/figcaption>\n<\/figure>\n\n\n\n<figure class=\"gb-block-image gb-block-image-f6e0f5e8\"><img loading=\"lazy\" decoding=\"async\" width=\"568\" height=\"780\" class=\"gb-image gb-image-f6e0f5e8\" src=\"https:\/\/www.jeudencre.fr\/gravures\/wp-content\/uploads\/2024\/10\/isabelle-panaud-la-pie-voleuse.jpg\" alt=\"\" title=\"isabelle-panaud-la-pie-voleuse\" srcset=\"https:\/\/www.jeudencre.fr\/gravures\/wp-content\/uploads\/2024\/10\/isabelle-panaud-la-pie-voleuse.jpg 568w, https:\/\/www.jeudencre.fr\/gravures\/wp-content\/uploads\/2024\/10\/isabelle-panaud-la-pie-voleuse-218x300.jpg 218w\" sizes=\"auto, (max-width: 568px) 100vw, 568px\" \/>\n<figcaption class=\"gb-headline gb-headline-ffc511b3 gb-headline-text\"><strong>Pie voleuse \/ s\u00e9rie manuscrits<\/strong> &#8211; Eau-forte, aquatinte,<br>pointe s\u00e8che &#8211; Matrice : 20 x 15 cm<\/figcaption>\n<\/figure>\n\n\n\n<figure class=\"gb-block-image gb-block-image-2fe0ae3d\"><img loading=\"lazy\" decoding=\"async\" width=\"586\" height=\"800\" class=\"gb-image gb-image-2fe0ae3d\" src=\"https:\/\/www.jeudencre.fr\/gravures\/wp-content\/uploads\/2024\/10\/isabelle-panaud-Hyppolite-outre-tombe.jpg\" alt=\"\" title=\"isabelle-panaud-Hyppolite-outre-tombe\" srcset=\"https:\/\/www.jeudencre.fr\/gravures\/wp-content\/uploads\/2024\/10\/isabelle-panaud-Hyppolite-outre-tombe.jpg 586w, https:\/\/www.jeudencre.fr\/gravures\/wp-content\/uploads\/2024\/10\/isabelle-panaud-Hyppolite-outre-tombe-220x300.jpg 220w\" sizes=\"auto, (max-width: 586px) 100vw, 586px\" \/>\n<figcaption class=\"gb-headline gb-headline-bb6bcdce gb-headline-text\"><strong>Hyppolite outre-tombe &#8211; S\u00e9rie Manuscrits<\/strong> &#8211; Pointe s\u00e8che &#8211; Matrice : 20 x 15 cm<\/figcaption>\n<\/figure>\n\n\n\n<figure class=\"gb-block-image gb-block-image-783759d6\"><img loading=\"lazy\" decoding=\"async\" width=\"425\" height=\"422\" class=\"gb-image gb-image-783759d6\" src=\"https:\/\/www.jeudencre.fr\/gravures\/wp-content\/uploads\/2024\/10\/isabelle-panaud-moineau.jpg\" alt=\"\" title=\"isabelle-panaud-moineau\" srcset=\"https:\/\/www.jeudencre.fr\/gravures\/wp-content\/uploads\/2024\/10\/isabelle-panaud-moineau.jpg 425w, https:\/\/www.jeudencre.fr\/gravures\/wp-content\/uploads\/2024\/10\/isabelle-panaud-moineau-300x298.jpg 300w\" sizes=\"auto, (max-width: 425px) 100vw, 425px\" \/>\n<figcaption class=\"gb-headline gb-headline-d6308d37 gb-headline-text\"><strong>Moineau<\/strong> &#8211; Pointe s\u00e8che et roulette &#8211; Matrice : 15 x 15 cm<\/figcaption>\n<\/figure>\n\n\n\n<figure class=\"gb-block-image gb-block-image-774a203c\"><img loading=\"lazy\" decoding=\"async\" width=\"425\" height=\"422\" class=\"gb-image gb-image-774a203c\" src=\"https:\/\/www.jeudencre.fr\/gravures\/wp-content\/uploads\/2024\/10\/isabelle-panaud-etourneau-II.jpg\" alt=\"\" title=\"isabelle-panaud-etourneau-II\" srcset=\"https:\/\/www.jeudencre.fr\/gravures\/wp-content\/uploads\/2024\/10\/isabelle-panaud-etourneau-II.jpg 425w, https:\/\/www.jeudencre.fr\/gravures\/wp-content\/uploads\/2024\/10\/isabelle-panaud-etourneau-II-300x298.jpg 300w\" sizes=\"auto, (max-width: 425px) 100vw, 425px\" \/>\n<figcaption class=\"gb-headline gb-headline-cb720c1c gb-headline-text\"><strong>Etourneau<\/strong> &#8211; Pointe s\u00e8che et roulette &#8211; Matrice : 15 x 15 cm<\/figcaption>\n<\/figure>\n\n\n\n<figure class=\"gb-block-image gb-block-image-c2f03286\"><img loading=\"lazy\" decoding=\"async\" width=\"425\" height=\"429\" class=\"gb-image gb-image-c2f03286\" src=\"https:\/\/www.jeudencre.fr\/gravures\/wp-content\/uploads\/2024\/10\/isabelle-panaud-Cochevis-huppe.jpg\" alt=\"\" title=\"isabelle-panaud-Cochevis-huppe\u0301\" srcset=\"https:\/\/www.jeudencre.fr\/gravures\/wp-content\/uploads\/2024\/10\/isabelle-panaud-Cochevis-huppe.jpg 425w, https:\/\/www.jeudencre.fr\/gravures\/wp-content\/uploads\/2024\/10\/isabelle-panaud-Cochevis-huppe-297x300.jpg 297w\" sizes=\"auto, (max-width: 425px) 100vw, 425px\" \/>\n<figcaption class=\"gb-headline gb-headline-fd504426 gb-headline-text\"><strong>Cochevis hupp\u00e9<\/strong> &#8211; Pointe s\u00e8che et roulette <\/figcaption>\n\n\n\n<figcaption class=\"gb-headline gb-headline-4693c01b gb-headline-text\">Matrice : 15 x 15 cm<\/figcaption>\n<\/figure>\n\n<\/div><\/div>\n\n<div class=\"gb-grid-column gb-grid-column-2dab6847\"><div class=\"gb-container gb-container-2dab6847\">\n\n<figure class=\"gb-block-image gb-block-image-e4cca1e9\"><img loading=\"lazy\" decoding=\"async\" width=\"631\" height=\"943\" class=\"gb-image gb-image-e4cca1e9\" src=\"https:\/\/www.jeudencre.fr\/gravures\/wp-content\/uploads\/2024\/10\/isabelle-panaud-busard-cendre.jpg\" alt=\"\" title=\"isabelle-panaud-busard-cendre\" srcset=\"https:\/\/www.jeudencre.fr\/gravures\/wp-content\/uploads\/2024\/10\/isabelle-panaud-busard-cendre.jpg 631w, https:\/\/www.jeudencre.fr\/gravures\/wp-content\/uploads\/2024\/10\/isabelle-panaud-busard-cendre-201x300.jpg 201w\" sizes=\"auto, (max-width: 631px) 100vw, 631px\" \/>\n<figcaption class=\"gb-headline gb-headline-cc403d9e gb-headline-text\"><strong>Busard cendr\u00e9<\/strong> &#8211; Eau-forte, aquatinte <\/figcaption>\n\n\n\n<figcaption class=\"gb-headline gb-headline-9f37c2c3 gb-headline-text\">Matrice : 30 x 20 cm<\/figcaption>\n<\/figure>\n\n\n\n<figure class=\"gb-block-image gb-block-image-6742f02c\"><img loading=\"lazy\" decoding=\"async\" width=\"375\" height=\"800\" class=\"gb-image gb-image-6742f02c\" src=\"https:\/\/www.jeudencre.fr\/gravures\/wp-content\/uploads\/2024\/10\/isabelle-panaud-Aigrette-garzette.jpg\" alt=\"\" title=\"isabelle-panaud-Aigrette-garzette\" srcset=\"https:\/\/www.jeudencre.fr\/gravures\/wp-content\/uploads\/2024\/10\/isabelle-panaud-Aigrette-garzette.jpg 375w, https:\/\/www.jeudencre.fr\/gravures\/wp-content\/uploads\/2024\/10\/isabelle-panaud-Aigrette-garzette-141x300.jpg 141w\" sizes=\"auto, (max-width: 375px) 100vw, 375px\" \/>\n<figcaption class=\"gb-headline gb-headline-190bdaf4 gb-headline-text\"><strong>Aigrette garzette <\/strong>&#8211; Eau-forte, aquatinte<\/figcaption>\n\n\n\n<figcaption class=\"gb-headline gb-headline-ff24d55d gb-headline-text\">Matrice : 8 x 17 cm<\/figcaption>\n<\/figure>\n\n\n\n<figure class=\"gb-block-image gb-block-image-1a0461c2\"><img loading=\"lazy\" decoding=\"async\" width=\"711\" height=\"1000\" class=\"gb-image gb-image-1a0461c2\" src=\"https:\/\/www.jeudencre.fr\/gravures\/wp-content\/uploads\/2024\/10\/isabelle-panaud-Le-cormoran.jpg\" alt=\"\" title=\"isabelle-panaud-Le-cormoran\" srcset=\"https:\/\/www.jeudencre.fr\/gravures\/wp-content\/uploads\/2024\/10\/isabelle-panaud-Le-cormoran.jpg 711w, https:\/\/www.jeudencre.fr\/gravures\/wp-content\/uploads\/2024\/10\/isabelle-panaud-Le-cormoran-213x300.jpg 213w\" sizes=\"auto, (max-width: 711px) 100vw, 711px\" \/>\n<figcaption class=\"gb-headline gb-headline-bcedffcb gb-headline-text\"><strong>Le cormoran<\/strong> &#8211; H\u00e9liogravure &#8211; Matrice : 30 x 42 cm<\/figcaption>\n<\/figure>\n\n\n\n<figure class=\"gb-block-image gb-block-image-1134638a\"><img loading=\"lazy\" decoding=\"async\" width=\"597\" height=\"780\" class=\"gb-image gb-image-1134638a\" src=\"https:\/\/www.jeudencre.fr\/gravures\/wp-content\/uploads\/2024\/10\/isabelle-panaud-Corneille.jpg\" alt=\"\" title=\"isabelle-panaud-Corneille\" srcset=\"https:\/\/www.jeudencre.fr\/gravures\/wp-content\/uploads\/2024\/10\/isabelle-panaud-Corneille.jpg 597w, https:\/\/www.jeudencre.fr\/gravures\/wp-content\/uploads\/2024\/10\/isabelle-panaud-Corneille-230x300.jpg 230w\" sizes=\"auto, (max-width: 597px) 100vw, 597px\" \/>\n<figcaption class=\"gb-headline gb-headline-dd1ca899 gb-headline-text\"><strong>Corneille \/ s\u00e9rie Manuscrits <\/strong>&#8211; Eau-forte, aquatinte, pointe s\u00e8che &#8211; Matrice : 20 x 15 cm<\/figcaption>\n<\/figure>\n\n<\/div><\/div>\n<\/div>\n\n\n<p><\/p>\n","protected":false},"excerpt":{"rendered":"","protected":false},"author":1,"featured_media":0,"parent":10,"menu_order":0,"comment_status":"closed","ping_status":"closed","template":"","meta":{"footnotes":""},"class_list":["post-51","page","type-page","status-publish"],"_links":{"self":[{"href":"https:\/\/www.jeudencre.fr\/gravures\/wp-json\/wp\/v2\/pages\/51","targetHints":{"allow":["GET"]}}],"collection":[{"href":"https:\/\/www.jeudencre.fr\/gravures\/wp-json\/wp\/v2\/pages"}],"about":[{"href":"https:\/\/www.jeudencre.fr\/gravures\/wp-json\/wp\/v2\/types\/page"}],"author":[{"embeddable":true,"href":"https:\/\/www.jeudencre.fr\/gravures\/wp-json\/wp\/v2\/users\/1"}],"replies":[{"embeddable":true,"href":"https:\/\/www.jeudencre.fr\/gravures\/wp-json\/wp\/v2\/comments?post=51"}],"version-history":[{"count":42,"href":"https:\/\/www.jeudencre.fr\/gravures\/wp-json\/wp\/v2\/pages\/51\/revisions"}],"predecessor-version":[{"id":396,"href":"https:\/\/www.jeudencre.fr\/gravures\/wp-json\/wp\/v2\/pages\/51\/revisions\/396"}],"up":[{"embeddable":true,"href":"https:\/\/www.jeudencre.fr\/gravures\/wp-json\/wp\/v2\/pages\/10"}],"wp:attachment":[{"href":"https:\/\/www.jeudencre.fr\/gravures\/wp-json\/wp\/v2\/media?parent=51"}],"curies":[{"name":"wp","href":"https:\/\/api.w.org\/{rel}","templated":true}]}}